{"id":213,"date":"2025-03-07T12:53:02","date_gmt":"2025-03-07T10:53:02","guid":{"rendered":"https:\/\/adriportfoolio6.wordpress.com\/?page_id=213"},"modified":"2025-03-07T12:53:02","modified_gmt":"2025-03-07T10:53:02","slug":"roobotika","status":"publish","type":"page","link":"https:\/\/adrianapikaljov24.thkit.ee\/wp\/eng\/roobotika\/","title":{"rendered":"robootika"},"content":{"rendered":"\n<p><\/p>\n\n\n\n<p><strong>Robootika kolm p\u00f5hiseadust<\/strong> on reeglid, mille m\u00f5tles v\u00e4lja ulmekirjanik <a href=\"https:\/\/et.wikipedia.org\/wiki\/Isaac_Asimov\"><u>Isaac Asimov<\/u><\/a>. Reeglid ilmusid esmakordselt 1942. aastal Asimovi l\u00fchijutus &#8220;Runaround&#8221;. Need kolm reeglit on j\u00e4rgmised:<\/p>\n\n\n\n<ol class=\"wp-block-list\">\n<li>Robot ei tohi oma tegevuse ega tegevusetusega inimesele kahju teha.<\/li>\n\n\n\n<li>Robot peab alluma inimese antud k\u00e4sule, kui see ei l\u00e4he vastuollu esimese seadusega.<\/li>\n\n\n\n<li>Robot peab kaitsma oma olemas olu, kuni see ei ole vastuolus esimese v\u00f5i teise seadusega.<\/li>\n<\/ol>\n\n\n\n<p>Peale nende kolme seaduse m\u00f5tles Asimov hiljem v\u00e4lja ka nullseaduse, mis on j\u00e4rgmine:<\/p>\n\n\n\n<p>0. Robot ei tohi oma tegevuse v\u00f5i tegevusetusega inimkonnale kahju teha.<\/p>\n\n\n\n<hr class=\"wp-block-separator has-alpha-channel-opacity\" \/>\n\n\n\n<p><strong>\u041e\u0441\u043d\u043e\u0432\u043d\u044b\u0435 \u0437\u0430\u043a\u043e\u043d\u044b \u0434\u043b\u044f \u0440\u043e\u0431\u043e\u0442\u043e\u0432:<\/strong><\/p>\n\n\n\n<ol class=\"wp-block-list\">\n<li>\u0420\u043e\u0431\u043e\u0442 \u043d\u0435 \u043c\u043e\u0436\u0435\u0442 \u043f\u0440\u0438\u0447\u0438\u043d\u0438\u0442\u044c \u0432\u0440\u0435\u0434 \u0447\u0435\u043b\u043e\u0432\u0435\u043a\u0443 \u0438\u043b\u0438 \u0441\u0432\u043e\u0438\u043c \u0431\u0435\u0437\u0434\u0435\u0439\u0441\u0442\u0432\u0438\u0435\u043c \u0434\u043e\u043f\u0443\u0441\u0442\u0438\u0442\u044c, \u0447\u0442\u043e\u0431\u044b \u0447\u0435\u043b\u043e\u0432\u0435\u043a\u0443 \u0431\u044b\u043b \u043f\u0440\u0438\u0447\u0438\u043d\u0451\u043d \u0432\u0440\u0435\u0434.<\/li>\n\n\n\n<li>\u0420\u043e\u0431\u043e\u0442 \u0434\u043e\u043b\u0436\u0435\u043d \u043f\u043e\u0432\u0438\u043d\u043e\u0432\u0430\u0442\u044c\u0441\u044f \u0432\u0441\u0435\u043c \u043f\u0440\u0438\u043a\u0430\u0437\u0430\u043c, \u043a\u043e\u0442\u043e\u0440\u044b\u0435 \u0434\u0430\u0451\u0442 \u0447\u0435\u043b\u043e\u0432\u0435\u043a, \u043a\u0440\u043e\u043c\u0435 \u0442\u0435\u0445 \u0441\u043b\u0443\u0447\u0430\u0435\u0432, \u043a\u043e\u0433\u0434\u0430 \u044d\u0442\u0438 \u043f\u0440\u0438\u043a\u0430\u0437\u044b \u043f\u0440\u043e\u0442\u0438\u0432\u043e\u0440\u0435\u0447\u0430\u0442 \u041f\u0435\u0440\u0432\u043e\u043c\u0443 \u0417\u0430\u043a\u043e\u043d\u0443.<\/li>\n\n\n\n<li>\u0420\u043e\u0431\u043e\u0442 \u0434\u043e\u043b\u0436\u0435\u043d \u0437\u0430\u0431\u043e\u0442\u0438\u0442\u044c\u0441\u044f \u043e \u0441\u0432\u043e\u0435\u0439 \u0431\u0435\u0437\u043e\u043f\u0430\u0441\u043d\u043e\u0441\u0442\u0438 \u0432 \u0442\u043e\u0439 \u043c\u0435\u0440\u0435, \u0432 \u043a\u043e\u0442\u043e\u0440\u043e\u0439 \u044d\u0442\u043e \u043d\u0435 \u043f\u0440\u043e\u0442\u0438\u0432\u043e\u0440\u0435\u0447\u0438\u0442 \u041f\u0435\u0440\u0432\u043e\u043c\u0443 \u0438\u043b\u0438 \u0412\u0442\u043e\u0440\u043e\u043c\u0443 \u0417\u0430\u043a\u043e\u043d\u0430\u043c.<\/li>\n<\/ol>\n\n\n\n<p>\u041e\u043d\u0438 \u0431\u044b\u043b\u0438 \u0441\u0444\u043e\u0440\u043c\u0443\u043b\u0438\u0440\u043e\u0432\u0430\u043d\u044b \u0432 \u0440\u0430\u0441\u0441\u043a\u0430\u0437\u0435 \u00ab\u0425\u043e\u0440\u043e\u0432\u043e\u0434\u00bb, \u0432\u044b\u0448\u0435\u0434\u0448\u0435\u043c \u0432 1942 \u0433\u043e\u0434\u0443<\/p>\n\n\n\n<p>\u041f\u043e\u0437\u0434\u043d\u0435\u0435, \u0432 1986 \u0433\u043e\u0434\u0443, \u0410\u0437\u0438\u043c\u043e\u0432 \u0441\u0444\u043e\u0440\u043c\u0443\u043b\u0438\u0440\u043e\u0432\u0430\u043b \u0442\u0430\u043a \u043d\u0430\u0437\u044b\u0432\u0430\u0435\u043c\u044b\u0439 \u043d\u0443\u043b\u0435\u0432\u043e\u0439 \u0437\u0430\u043a\u043e\u043d:<\/p>\n\n\n\n<p>&nbsp;&nbsp;&nbsp;&nbsp; 0. \u0420\u043e\u0431\u043e\u0442 \u043d\u0435 \u043c\u043e\u0436\u0435\u0442 \u043f\u0440\u0438\u0447\u0438\u043d\u0438\u0442\u044c \u0432\u0440\u0435\u0434 \u0447\u0435\u043b\u043e\u0432\u0435\u0447\u0435\u0441\u0442\u0432\u0443 \u0438\u043b\u0438 \u0441\u0432\u043e\u0438\u043c \u0431\u0435\u0437\u0434\u0435\u0439\u0441\u0442\u0432\u0438\u0435\u043c \u0434\u043e\u043f\u0443\u0441\u0442\u0438\u0442\u044c, \u0447\u0442\u043e\u0431\u044b <strong>\u0447\u0435\u043b\u043e\u0432\u0435\u0447\u0435\u0441\u0442\u0432\u0443<\/strong> \u0431\u044b\u043b \u043f\u0440\u0438\u0447\u0438\u043d\u0451\u043d \u0432\u0440\u0435\u0434.<\/p>\n","protected":false},"excerpt":{"rendered":"<p>Robootika kolm p\u00f5hiseadust on reeglid, mille m\u00f5tles v\u00e4lja ulmekirjanik Isaac Asimov. Reeglid ilmusid esmakordselt 1942. aastal Asimovi l\u00fchijutus &#8220;Runaround&#8221;. Need kolm reeglit on j\u00e4rgmised: Peale nende kolme seaduse m\u00f5tles Asimov hiljem v\u00e4lja ka nullseaduse, mis on j\u00e4rgmine: 0. Robot ei tohi oma tegevuse v\u00f5i tegevusetusega inimkonnale kahju teha. \u041e\u0441\u043d\u043e\u0432\u043d\u044b\u0435 \u0437\u0430\u043a\u043e\u043d\u044b \u0434\u043b\u044f \u0440\u043e\u0431\u043e\u0442\u043e\u0432: \u041e\u043d\u0438 \u0431\u044b\u043b\u0438 \u0441\u0444\u043e\u0440\u043c\u0443\u043b\u0438\u0440\u043e\u0432\u0430\u043d\u044b [&hellip;]<\/p>\n","protected":false},"author":1,"featured_media":0,"parent":0,"menu_order":0,"comment_status":"closed","ping_status":"closed","template":"page-with-title","meta":{"footnotes":""},"class_list":["post-213","page","type-page","status-publish","hentry"],"yoast_head":"<!-- This site is optimized with the Yoast SEO plugin v27.4 - https:\/\/yoast.com\/product\/yoast-seo-wordpress\/ -->\n<title>robootika - Adriana Pikaljov Portfolio ||| ENG<\/title>\n<meta name=\"robots\" content=\"index, follow, max-snippet:-1, max-image-preview:large, max-video-preview:-1\" \/>\n<link rel=\"canonical\" href=\"https:\/\/adrianapikaljov24.thkit.ee\/wp\/eng\/roobotika\/\" \/>\n<meta property=\"og:locale\" content=\"en_GB\" \/>\n<meta property=\"og:type\" content=\"article\" \/>\n<meta property=\"og:title\" content=\"robootika - Adriana Pikaljov Portfolio ||| ENG\" \/>\n<meta property=\"og:description\" content=\"Robootika kolm p\u00f5hiseadust on reeglid, mille m\u00f5tles v\u00e4lja ulmekirjanik Isaac Asimov. Reeglid ilmusid esmakordselt 1942. aastal Asimovi l\u00fchijutus &#8220;Runaround&#8221;. Need kolm reeglit on j\u00e4rgmised: Peale nende kolme seaduse m\u00f5tles Asimov hiljem v\u00e4lja ka nullseaduse, mis on j\u00e4rgmine: 0. Robot ei tohi oma tegevuse v\u00f5i tegevusetusega inimkonnale kahju teha. \u041e\u0441\u043d\u043e\u0432\u043d\u044b\u0435 \u0437\u0430\u043a\u043e\u043d\u044b \u0434\u043b\u044f \u0440\u043e\u0431\u043e\u0442\u043e\u0432: \u041e\u043d\u0438 \u0431\u044b\u043b\u0438 \u0441\u0444\u043e\u0440\u043c\u0443\u043b\u0438\u0440\u043e\u0432\u0430\u043d\u044b [&hellip;]\" \/>\n<meta property=\"og:url\" content=\"https:\/\/adrianapikaljov24.thkit.ee\/wp\/eng\/roobotika\/\" \/>\n<meta property=\"og:site_name\" content=\"Adriana Pikaljov Portfolio ||| ENG\" \/>\n<meta name=\"twitter:card\" content=\"summary_large_image\" \/>\n<meta name=\"twitter:label1\" content=\"Estimated reading time\" \/>\n\t<meta name=\"twitter:data1\" content=\"1 minute\" \/>\n<script type=\"application\/ld+json\" class=\"yoast-schema-graph\">{\"@context\":\"https:\\\/\\\/schema.org\",\"@graph\":[{\"@type\":\"WebPage\",\"@id\":\"https:\\\/\\\/adrianapikaljov24.thkit.ee\\\/wp\\\/eng\\\/roobotika\\\/\",\"url\":\"https:\\\/\\\/adrianapikaljov24.thkit.ee\\\/wp\\\/eng\\\/roobotika\\\/\",\"name\":\"robootika - Adriana Pikaljov Portfolio ||| ENG\",\"isPartOf\":{\"@id\":\"https:\\\/\\\/adrianapikaljov24.thkit.ee\\\/wp\\\/eng\\\/#website\"},\"datePublished\":\"2025-03-07T10:53:02+00:00\",\"breadcrumb\":{\"@id\":\"https:\\\/\\\/adrianapikaljov24.thkit.ee\\\/wp\\\/eng\\\/roobotika\\\/#breadcrumb\"},\"inLanguage\":\"en-GB\",\"potentialAction\":[{\"@type\":\"ReadAction\",\"target\":[\"https:\\\/\\\/adrianapikaljov24.thkit.ee\\\/wp\\\/eng\\\/roobotika\\\/\"]}]},{\"@type\":\"BreadcrumbList\",\"@id\":\"https:\\\/\\\/adrianapikaljov24.thkit.ee\\\/wp\\\/eng\\\/roobotika\\\/#breadcrumb\",\"itemListElement\":[{\"@type\":\"ListItem\",\"position\":1,\"name\":\"Home\",\"item\":\"https:\\\/\\\/adrianapikaljov24.thkit.ee\\\/wp\\\/eng\\\/\"},{\"@type\":\"ListItem\",\"position\":2,\"name\":\"robootika\"}]},{\"@type\":\"WebSite\",\"@id\":\"https:\\\/\\\/adrianapikaljov24.thkit.ee\\\/wp\\\/eng\\\/#website\",\"url\":\"https:\\\/\\\/adrianapikaljov24.thkit.ee\\\/wp\\\/eng\\\/\",\"name\":\"Adriana Pikaljov Portfolio ||| ENG\",\"description\":\"\",\"potentialAction\":[{\"@type\":\"SearchAction\",\"target\":{\"@type\":\"EntryPoint\",\"urlTemplate\":\"https:\\\/\\\/adrianapikaljov24.thkit.ee\\\/wp\\\/eng\\\/?s={search_term_string}\"},\"query-input\":{\"@type\":\"PropertyValueSpecification\",\"valueRequired\":true,\"valueName\":\"search_term_string\"}}],\"inLanguage\":\"en-GB\"}]}<\/script>\n<!-- \/ Yoast SEO plugin. -->","yoast_head_json":{"title":"robootika - Adriana Pikaljov Portfolio ||| ENG","robots":{"index":"index","follow":"follow","max-snippet":"max-snippet:-1","max-image-preview":"max-image-preview:large","max-video-preview":"max-video-preview:-1"},"canonical":"https:\/\/adrianapikaljov24.thkit.ee\/wp\/eng\/roobotika\/","og_locale":"en_GB","og_type":"article","og_title":"robootika - Adriana Pikaljov Portfolio ||| ENG","og_description":"Robootika kolm p\u00f5hiseadust on reeglid, mille m\u00f5tles v\u00e4lja ulmekirjanik Isaac Asimov. Reeglid ilmusid esmakordselt 1942. aastal Asimovi l\u00fchijutus &#8220;Runaround&#8221;. Need kolm reeglit on j\u00e4rgmised: Peale nende kolme seaduse m\u00f5tles Asimov hiljem v\u00e4lja ka nullseaduse, mis on j\u00e4rgmine: 0. Robot ei tohi oma tegevuse v\u00f5i tegevusetusega inimkonnale kahju teha. \u041e\u0441\u043d\u043e\u0432\u043d\u044b\u0435 \u0437\u0430\u043a\u043e\u043d\u044b \u0434\u043b\u044f \u0440\u043e\u0431\u043e\u0442\u043e\u0432: \u041e\u043d\u0438 \u0431\u044b\u043b\u0438 \u0441\u0444\u043e\u0440\u043c\u0443\u043b\u0438\u0440\u043e\u0432\u0430\u043d\u044b [&hellip;]","og_url":"https:\/\/adrianapikaljov24.thkit.ee\/wp\/eng\/roobotika\/","og_site_name":"Adriana Pikaljov Portfolio ||| ENG","twitter_card":"summary_large_image","twitter_misc":{"Estimated reading time":"1 minute"},"schema":{"@context":"https:\/\/schema.org","@graph":[{"@type":"WebPage","@id":"https:\/\/adrianapikaljov24.thkit.ee\/wp\/eng\/roobotika\/","url":"https:\/\/adrianapikaljov24.thkit.ee\/wp\/eng\/roobotika\/","name":"robootika - Adriana Pikaljov Portfolio ||| ENG","isPartOf":{"@id":"https:\/\/adrianapikaljov24.thkit.ee\/wp\/eng\/#website"},"datePublished":"2025-03-07T10:53:02+00:00","breadcrumb":{"@id":"https:\/\/adrianapikaljov24.thkit.ee\/wp\/eng\/roobotika\/#breadcrumb"},"inLanguage":"en-GB","potentialAction":[{"@type":"ReadAction","target":["https:\/\/adrianapikaljov24.thkit.ee\/wp\/eng\/roobotika\/"]}]},{"@type":"BreadcrumbList","@id":"https:\/\/adrianapikaljov24.thkit.ee\/wp\/eng\/roobotika\/#breadcrumb","itemListElement":[{"@type":"ListItem","position":1,"name":"Home","item":"https:\/\/adrianapikaljov24.thkit.ee\/wp\/eng\/"},{"@type":"ListItem","position":2,"name":"robootika"}]},{"@type":"WebSite","@id":"https:\/\/adrianapikaljov24.thkit.ee\/wp\/eng\/#website","url":"https:\/\/adrianapikaljov24.thkit.ee\/wp\/eng\/","name":"Adriana Pikaljov Portfolio ||| ENG","description":"","potentialAction":[{"@type":"SearchAction","target":{"@type":"EntryPoint","urlTemplate":"https:\/\/adrianapikaljov24.thkit.ee\/wp\/eng\/?s={search_term_string}"},"query-input":{"@type":"PropertyValueSpecification","valueRequired":true,"valueName":"search_term_string"}}],"inLanguage":"en-GB"}]}},"_links":{"self":[{"href":"https:\/\/adrianapikaljov24.thkit.ee\/wp\/eng\/wp-json\/wp\/v2\/pages\/213","targetHints":{"allow":["GET"]}}],"collection":[{"href":"https:\/\/adrianapikaljov24.thkit.ee\/wp\/eng\/wp-json\/wp\/v2\/pages"}],"about":[{"href":"https:\/\/adrianapikaljov24.thkit.ee\/wp\/eng\/wp-json\/wp\/v2\/types\/page"}],"author":[{"embeddable":true,"href":"https:\/\/adrianapikaljov24.thkit.ee\/wp\/eng\/wp-json\/wp\/v2\/users\/1"}],"replies":[{"embeddable":true,"href":"https:\/\/adrianapikaljov24.thkit.ee\/wp\/eng\/wp-json\/wp\/v2\/comments?post=213"}],"version-history":[{"count":0,"href":"https:\/\/adrianapikaljov24.thkit.ee\/wp\/eng\/wp-json\/wp\/v2\/pages\/213\/revisions"}],"wp:attachment":[{"href":"https:\/\/adrianapikaljov24.thkit.ee\/wp\/eng\/wp-json\/wp\/v2\/media?parent=213"}],"curies":[{"name":"wp","href":"https:\/\/api.w.org\/{rel}","templated":true}]}}