{"id":552,"date":"2025-06-06T13:33:02","date_gmt":"2025-06-06T10:33:02","guid":{"rendered":"https:\/\/adriportfoolio6.wordpress.com\/?page_id=552"},"modified":"2025-06-06T13:33:02","modified_gmt":"2025-06-06T10:33:02","slug":"3-teema-kordused","status":"publish","type":"page","link":"https:\/\/adrianapikaljov24.thkit.ee\/wp\/eng\/3-teema-kordused\/","title":{"rendered":"3. Teema Kordused"},"content":{"rendered":"\n<p><\/p>\n\n\n\n<h4 class=\"wp-block-heading\">Mis on ts\u00fckkel?<\/h4>\n\n\n\n<p><strong>Ts\u00fckkel<\/strong> ehk <strong>loop<\/strong> v\u00f5imaldab koodi plokki korrata mitu korda j\u00e4rjest. Pythonis kasutatakse selleks peamiselt kahte t\u00fc\u00fcpi ts\u00fckleid:<\/p>\n\n\n\n<ul class=\"wp-block-list\">\n<li><strong><code>while<\/code>-ts\u00fckkel<\/strong> \u2013 t\u00f6\u00f6tab seni, kuni mingi tingimus kehtib<\/li>\n\n\n\n<li><strong><code>for<\/code>-ts\u00fckkel<\/strong> \u2013 kordab kindla arvu kordi v\u00f5i l\u00e4bib k\u00f5iki elemente kogumis (nt loendis)<\/li>\n<\/ul>\n\n\n\n<hr class=\"wp-block-separator has-alpha-channel-opacity\" \/>\n\n\n\n<h3 class=\"wp-block-heading\"><code>while<\/code>-ts\u00fckkel praktikas<\/h3>\n\n\n\n<p><strong><code>while<\/code><\/strong> ts\u00fcklit kasutatakse sageli olukorras, kus ei teata t\u00e4pset korduste arvu ette. <\/p>\n\n\n\n<p>N\u00e4iteks:<\/p>\n\n\n<div class=\"wp-block-syntaxhighlighter-code \"><pre class=\"brush: plain; title: ; notranslate\" title=\"\">\nwhile True:\n    # tegevused korduvad l\u00f5pmatult\n<\/pre><\/div>\n\n\n<p>See loob l\u00f5pmatu ts\u00fckli, mida saab katkestada k\u00e4suga <code>break<\/code>.<\/p>\n\n\n\n<h4 class=\"wp-block-heading\">Ts\u00fckli katkestamine <code>break<\/code> k\u00e4suga:<\/h4>\n\n\n\n<pre class=\"wp-block-preformatted\"><\/pre>\n\n\n<div class=\"wp-block-syntaxhighlighter-code \"><pre class=\"brush: plain; title: ; notranslate\" title=\"\">\nvastus = input(&quot;Sisesta arv: &quot;)\nif vastus == &quot;stop&quot;:\n    break\n\n<\/pre><\/div>\n\n\n<p>Siin l\u00f5petatakse ts\u00fckkel, kui kasutaja kirjutab <code>stopp<\/code>.<\/p>\n\n\n\n<hr class=\"wp-block-separator has-alpha-channel-opacity\" \/>\n\n\n\n<h3 class=\"wp-block-heading\">N\u00e4ide: matemaatikam\u00e4ng ts\u00fcklis<\/h3>\n\n\n\n<pre class=\"wp-block-preformatted\"><\/pre>\n\n\n<div class=\"wp-block-syntaxhighlighter-code \"><pre class=\"brush: plain; title: ; notranslate\" title=\"\">\nfrom random import randint, choice\n\ntotal = 0\ncorrect = 0\n\nwhile True:\n    total += 1\n    arv1 = randint(1, 10)\n    arv2 = randint(1, 10)\n    tehe = choice(&#x5B;&quot;+&quot;, &quot;-&quot;, &quot;*&quot;])\n    \n    if tehe == &quot;+&quot;:\n        \u00f5ige = arv1 + arv2\n    elif tehe == &quot;-&quot;:\n        \u00f5ige = arv1 - arv2\n    else:\n        \u00f5ige = arv1 * arv2\n\n    vastus = input(f&quot;Mis on {arv1} {tehe} {arv2}? (v\u00f5i kirjuta &#039;exit&#039;): &quot;)\n    if vastus == &quot;exit&quot;:\n        break\n\n    if int(vastus) == \u00f5ige:\n        print(&quot;\u00d5ige!&quot;)\n        correct += 1\n    else:\n        print(f&quot;Vale. \u00d5ige vastus oli {\u00f5ige}&quot;)\n<\/pre><\/div>\n\n\n<hr class=\"wp-block-separator has-alpha-channel-opacity\" \/>\n\n\n\n<h3 class=\"wp-block-heading\">Korduste j\u00e4lgimine<\/h3>\n\n\n\n<p>Koodi alguses:<\/p>\n\n\n<div class=\"wp-block-syntaxhighlighter-code \"><pre class=\"brush: plain; title: ; notranslate\" title=\"\">\ntotal = 0\ncorrect = 0\n<\/pre><\/div>\n\n\n<p>Iga korduse alguses:<\/p>\n\n\n<div class=\"wp-block-syntaxhighlighter-code \"><pre class=\"brush: plain; title: ; notranslate\" title=\"\">\ntotal += 1\n<\/pre><\/div>\n\n\n<p>Kui vastus on \u00f5ige:<\/p>\n\n\n<div class=\"wp-block-syntaxhighlighter-code \"><pre class=\"brush: plain; title: ; notranslate\" title=\"\">\ncorrect += 1\n<\/pre><\/div>\n\n\n<hr class=\"wp-block-separator has-alpha-channel-opacity\" \/>\n\n\n\n<h3 class=\"wp-block-heading\">L\u00f5puks \u2013 tulemus<\/h3>\n\n\n\n<p>Kui ts\u00fckkel katkestatakse, saab arvutada tulemuse:<\/p>\n\n\n<div class=\"wp-block-syntaxhighlighter-code \"><pre class=\"brush: plain; title: ; notranslate\" title=\"\">\nif total &amp;gt; 0:\n    protsent = (correct \/ total) * 100\n    print(f&quot;Tulemus: {protsent:.1f}%&quot;)\n\n<\/pre><\/div>\n\n\n<p>Ja m\u00e4\u00e4rata hinne:<\/p>\n\n\n<div class=\"wp-block-syntaxhighlighter-code \"><pre class=\"brush: plain; title: ; notranslate\" title=\"\">\nif protsent &amp;lt; 60:\n    hinne = 2\nelif protsent &amp;lt; 75:\n    hinne = 3\nelif protsent &amp;lt; 90:\n    hinne = 4\nelse:\n    hinne = 5\n\nprint(f&quot;Sinu hinne: {hinne}&quot;)\n<\/pre><\/div>\n\n\n<hr class=\"wp-block-separator has-alpha-channel-opacity\" \/>\n\n\n\n<h3 class=\"wp-block-heading\">Kokkuv\u00f5te<\/h3>\n\n\n\n<p>Kordused on olulised, kui on vaja teha midagi mitu korda j\u00e4rjest:<\/p>\n\n\n\n<ul class=\"wp-block-list\">\n<li><strong><code>while<\/code>-ts\u00fckkel<\/strong> t\u00f6\u00f6tab seni, kuni tingimus on t\u00f5ene<\/li>\n\n\n\n<li><strong><code>break<\/code><\/strong> katkestab ts\u00fckli k\u00e4sitsi<\/li>\n\n\n\n<li>Ts\u00fckli sees saab:\n<ul class=\"wp-block-list\">\n<li>luua uusi andmeid<\/li>\n\n\n\n<li>v\u00f5tta kasutajalt sisendit<\/li>\n\n\n\n<li>j\u00e4lgida tulemusi ja statistikat<\/li>\n\n\n\n<li>anda tagasisidet v\u00f5i hinnata sooritust<\/li>\n<\/ul>\n<\/li>\n<\/ul>\n\n\n\n<p>Need omadused muudavad programmid <strong>paindlikuks ja interaktiivseks<\/strong>.<\/p>\n","protected":false},"excerpt":{"rendered":"<p>Mis on ts\u00fckkel? Ts\u00fckkel ehk loop v\u00f5imaldab koodi plokki korrata mitu korda j\u00e4rjest. Pythonis kasutatakse selleks peamiselt kahte t\u00fc\u00fcpi ts\u00fckleid: while-ts\u00fckkel praktikas while ts\u00fcklit kasutatakse sageli olukorras, kus ei teata t\u00e4pset korduste arvu ette. N\u00e4iteks: See loob l\u00f5pmatu ts\u00fckli, mida saab katkestada k\u00e4suga break. Ts\u00fckli katkestamine break k\u00e4suga: Siin l\u00f5petatakse ts\u00fckkel, kui kasutaja kirjutab stopp. [&hellip;]<\/p>\n","protected":false},"author":1,"featured_media":0,"parent":0,"menu_order":0,"comment_status":"closed","ping_status":"closed","template":"page-with-title","meta":{"footnotes":""},"class_list":["post-552","page","type-page","status-publish","hentry"],"yoast_head":"<!-- This site is optimized with the Yoast SEO plugin v27.4 - https:\/\/yoast.com\/product\/yoast-seo-wordpress\/ -->\n<title>3. Teema Kordused - Adriana Pikaljov Portfolio ||| ENG<\/title>\n<meta name=\"robots\" content=\"index, follow, max-snippet:-1, max-image-preview:large, max-video-preview:-1\" \/>\n<link rel=\"canonical\" href=\"https:\/\/adrianapikaljov24.thkit.ee\/wp\/eng\/3-teema-kordused\/\" \/>\n<meta property=\"og:locale\" content=\"en_GB\" \/>\n<meta property=\"og:type\" content=\"article\" \/>\n<meta property=\"og:title\" content=\"3. Teema Kordused - Adriana Pikaljov Portfolio ||| ENG\" \/>\n<meta property=\"og:description\" content=\"Mis on ts\u00fckkel? Ts\u00fckkel ehk loop v\u00f5imaldab koodi plokki korrata mitu korda j\u00e4rjest. Pythonis kasutatakse selleks peamiselt kahte t\u00fc\u00fcpi ts\u00fckleid: while-ts\u00fckkel praktikas while ts\u00fcklit kasutatakse sageli olukorras, kus ei teata t\u00e4pset korduste arvu ette. N\u00e4iteks: See loob l\u00f5pmatu ts\u00fckli, mida saab katkestada k\u00e4suga break. Ts\u00fckli katkestamine break k\u00e4suga: Siin l\u00f5petatakse ts\u00fckkel, kui kasutaja kirjutab stopp. [&hellip;]\" \/>\n<meta property=\"og:url\" content=\"https:\/\/adrianapikaljov24.thkit.ee\/wp\/eng\/3-teema-kordused\/\" \/>\n<meta property=\"og:site_name\" content=\"Adriana Pikaljov Portfolio ||| ENG\" \/>\n<meta name=\"twitter:card\" content=\"summary_large_image\" \/>\n<meta name=\"twitter:label1\" content=\"Estimated reading time\" \/>\n\t<meta name=\"twitter:data1\" content=\"2 minutes\" \/>\n<script type=\"application\/ld+json\" class=\"yoast-schema-graph\">{\"@context\":\"https:\\\/\\\/schema.org\",\"@graph\":[{\"@type\":\"WebPage\",\"@id\":\"https:\\\/\\\/adrianapikaljov24.thkit.ee\\\/wp\\\/eng\\\/3-teema-kordused\\\/\",\"url\":\"https:\\\/\\\/adrianapikaljov24.thkit.ee\\\/wp\\\/eng\\\/3-teema-kordused\\\/\",\"name\":\"3. Teema Kordused - Adriana Pikaljov Portfolio ||| ENG\",\"isPartOf\":{\"@id\":\"https:\\\/\\\/adrianapikaljov24.thkit.ee\\\/wp\\\/eng\\\/#website\"},\"datePublished\":\"2025-06-06T10:33:02+00:00\",\"breadcrumb\":{\"@id\":\"https:\\\/\\\/adrianapikaljov24.thkit.ee\\\/wp\\\/eng\\\/3-teema-kordused\\\/#breadcrumb\"},\"inLanguage\":\"en-GB\",\"potentialAction\":[{\"@type\":\"ReadAction\",\"target\":[\"https:\\\/\\\/adrianapikaljov24.thkit.ee\\\/wp\\\/eng\\\/3-teema-kordused\\\/\"]}]},{\"@type\":\"BreadcrumbList\",\"@id\":\"https:\\\/\\\/adrianapikaljov24.thkit.ee\\\/wp\\\/eng\\\/3-teema-kordused\\\/#breadcrumb\",\"itemListElement\":[{\"@type\":\"ListItem\",\"position\":1,\"name\":\"Home\",\"item\":\"https:\\\/\\\/adrianapikaljov24.thkit.ee\\\/wp\\\/eng\\\/\"},{\"@type\":\"ListItem\",\"position\":2,\"name\":\"3. Teema Kordused\"}]},{\"@type\":\"WebSite\",\"@id\":\"https:\\\/\\\/adrianapikaljov24.thkit.ee\\\/wp\\\/eng\\\/#website\",\"url\":\"https:\\\/\\\/adrianapikaljov24.thkit.ee\\\/wp\\\/eng\\\/\",\"name\":\"Adriana Pikaljov Portfolio ||| ENG\",\"description\":\"\",\"potentialAction\":[{\"@type\":\"SearchAction\",\"target\":{\"@type\":\"EntryPoint\",\"urlTemplate\":\"https:\\\/\\\/adrianapikaljov24.thkit.ee\\\/wp\\\/eng\\\/?s={search_term_string}\"},\"query-input\":{\"@type\":\"PropertyValueSpecification\",\"valueRequired\":true,\"valueName\":\"search_term_string\"}}],\"inLanguage\":\"en-GB\"}]}<\/script>\n<!-- \/ Yoast SEO plugin. -->","yoast_head_json":{"title":"3. Teema Kordused - Adriana Pikaljov Portfolio ||| ENG","robots":{"index":"index","follow":"follow","max-snippet":"max-snippet:-1","max-image-preview":"max-image-preview:large","max-video-preview":"max-video-preview:-1"},"canonical":"https:\/\/adrianapikaljov24.thkit.ee\/wp\/eng\/3-teema-kordused\/","og_locale":"en_GB","og_type":"article","og_title":"3. Teema Kordused - Adriana Pikaljov Portfolio ||| ENG","og_description":"Mis on ts\u00fckkel? Ts\u00fckkel ehk loop v\u00f5imaldab koodi plokki korrata mitu korda j\u00e4rjest. Pythonis kasutatakse selleks peamiselt kahte t\u00fc\u00fcpi ts\u00fckleid: while-ts\u00fckkel praktikas while ts\u00fcklit kasutatakse sageli olukorras, kus ei teata t\u00e4pset korduste arvu ette. N\u00e4iteks: See loob l\u00f5pmatu ts\u00fckli, mida saab katkestada k\u00e4suga break. Ts\u00fckli katkestamine break k\u00e4suga: Siin l\u00f5petatakse ts\u00fckkel, kui kasutaja kirjutab stopp. [&hellip;]","og_url":"https:\/\/adrianapikaljov24.thkit.ee\/wp\/eng\/3-teema-kordused\/","og_site_name":"Adriana Pikaljov Portfolio ||| ENG","twitter_card":"summary_large_image","twitter_misc":{"Estimated reading time":"2 minutes"},"schema":{"@context":"https:\/\/schema.org","@graph":[{"@type":"WebPage","@id":"https:\/\/adrianapikaljov24.thkit.ee\/wp\/eng\/3-teema-kordused\/","url":"https:\/\/adrianapikaljov24.thkit.ee\/wp\/eng\/3-teema-kordused\/","name":"3. Teema Kordused - Adriana Pikaljov Portfolio ||| ENG","isPartOf":{"@id":"https:\/\/adrianapikaljov24.thkit.ee\/wp\/eng\/#website"},"datePublished":"2025-06-06T10:33:02+00:00","breadcrumb":{"@id":"https:\/\/adrianapikaljov24.thkit.ee\/wp\/eng\/3-teema-kordused\/#breadcrumb"},"inLanguage":"en-GB","potentialAction":[{"@type":"ReadAction","target":["https:\/\/adrianapikaljov24.thkit.ee\/wp\/eng\/3-teema-kordused\/"]}]},{"@type":"BreadcrumbList","@id":"https:\/\/adrianapikaljov24.thkit.ee\/wp\/eng\/3-teema-kordused\/#breadcrumb","itemListElement":[{"@type":"ListItem","position":1,"name":"Home","item":"https:\/\/adrianapikaljov24.thkit.ee\/wp\/eng\/"},{"@type":"ListItem","position":2,"name":"3. Teema Kordused"}]},{"@type":"WebSite","@id":"https:\/\/adrianapikaljov24.thkit.ee\/wp\/eng\/#website","url":"https:\/\/adrianapikaljov24.thkit.ee\/wp\/eng\/","name":"Adriana Pikaljov Portfolio ||| ENG","description":"","potentialAction":[{"@type":"SearchAction","target":{"@type":"EntryPoint","urlTemplate":"https:\/\/adrianapikaljov24.thkit.ee\/wp\/eng\/?s={search_term_string}"},"query-input":{"@type":"PropertyValueSpecification","valueRequired":true,"valueName":"search_term_string"}}],"inLanguage":"en-GB"}]}},"_links":{"self":[{"href":"https:\/\/adrianapikaljov24.thkit.ee\/wp\/eng\/wp-json\/wp\/v2\/pages\/552","targetHints":{"allow":["GET"]}}],"collection":[{"href":"https:\/\/adrianapikaljov24.thkit.ee\/wp\/eng\/wp-json\/wp\/v2\/pages"}],"about":[{"href":"https:\/\/adrianapikaljov24.thkit.ee\/wp\/eng\/wp-json\/wp\/v2\/types\/page"}],"author":[{"embeddable":true,"href":"https:\/\/adrianapikaljov24.thkit.ee\/wp\/eng\/wp-json\/wp\/v2\/users\/1"}],"replies":[{"embeddable":true,"href":"https:\/\/adrianapikaljov24.thkit.ee\/wp\/eng\/wp-json\/wp\/v2\/comments?post=552"}],"version-history":[{"count":0,"href":"https:\/\/adrianapikaljov24.thkit.ee\/wp\/eng\/wp-json\/wp\/v2\/pages\/552\/revisions"}],"wp:attachment":[{"href":"https:\/\/adrianapikaljov24.thkit.ee\/wp\/eng\/wp-json\/wp\/v2\/media?parent=552"}],"curies":[{"name":"wp","href":"https:\/\/api.w.org\/{rel}","templated":true}]}}