{"id":1185,"date":"2026-02-20T00:07:59","date_gmt":"2026-02-19T22:07:59","guid":{"rendered":"https:\/\/adrianapikaljov24.thkit.ee\/wp\/?page_id=1185"},"modified":"2026-02-26T10:10:46","modified_gmt":"2026-02-26T08:10:46","slug":"storyboard","status":"publish","type":"page","link":"https:\/\/adrianapikaljov24.thkit.ee\/wp\/storyboard\/","title":{"rendered":"Storyboard"},"content":{"rendered":"\n<p><strong>Storyboard<\/strong>&nbsp;on veebisaidi struktuuri visuaalne skeem, mis n\u00e4itab peamisi lehek\u00fclgi ja nende eesm\u00e4rke.<\/p>\n\n\n\n<p><br>Seda kasutatakse planeerimisetapis koos saidikaardiga, et l\u00e4bi m\u00f5elda disainilahendused, tehnilised valikud ja projekti eelarve.<\/p>\n\n\n\n<p><br>Storyboard annab selge ja \u00fchtse \u00fclevaate kogu veebiprojektist.<\/p>\n\n\n\n<figure class=\"wp-block-image size-large\"><a href=\"https:\/\/adrianapikaljov24.thkit.ee\/wp\/wp-content\/uploads\/2026\/02\/Blank-diagram-2.png\"><img loading=\"lazy\" decoding=\"async\" width=\"883\" height=\"1024\" src=\"https:\/\/adrianapikaljov24.thkit.ee\/wp\/wp-content\/uploads\/2026\/02\/Blank-diagram-2-883x1024.png\" alt=\"\" class=\"wp-image-1188\" srcset=\"https:\/\/adrianapikaljov24.thkit.ee\/wp\/wp-content\/uploads\/2026\/02\/Blank-diagram-2-883x1024.png 883w, https:\/\/adrianapikaljov24.thkit.ee\/wp\/wp-content\/uploads\/2026\/02\/Blank-diagram-2-259x300.png 259w, https:\/\/adrianapikaljov24.thkit.ee\/wp\/wp-content\/uploads\/2026\/02\/Blank-diagram-2-768x891.png 768w, https:\/\/adrianapikaljov24.thkit.ee\/wp\/wp-content\/uploads\/2026\/02\/Blank-diagram-2-129x150.png 129w, https:\/\/adrianapikaljov24.thkit.ee\/wp\/wp-content\/uploads\/2026\/02\/Blank-diagram-2-1324x1536.png 1324w, https:\/\/adrianapikaljov24.thkit.ee\/wp\/wp-content\/uploads\/2026\/02\/Blank-diagram-2.png 1500w\" sizes=\"auto, (max-width: 883px) 100vw, 883px\" \/><\/a><\/figure>\n","protected":false},"excerpt":{"rendered":"<p>Storyboard&nbsp;on veebisaidi struktuuri visuaalne skeem, mis n\u00e4itab peamisi lehek\u00fclgi ja nende eesm\u00e4rke. Seda kasutatakse planeerimisetapis koos saidikaardiga, et l\u00e4bi m\u00f5elda disainilahendused, tehnilised valikud ja projekti eelarve. Storyboard annab selge ja \u00fchtse \u00fclevaate kogu veebiprojektist.<\/p>\n","protected":false},"author":1,"featured_media":0,"parent":0,"menu_order":0,"comment_status":"closed","ping_status":"closed","template":"","meta":{"footnotes":""},"class_list":["post-1185","page","type-page","status-publish","hentry"],"yoast_head":"<!-- This site is optimized with the Yoast SEO plugin v27.4 - https:\/\/yoast.com\/product\/yoast-seo-wordpress\/ -->\n<title>Storyboard - Adriana Pikaljov Portfoolio<\/title>\n<meta name=\"robots\" content=\"index, follow, max-snippet:-1, max-image-preview:large, max-video-preview:-1\" \/>\n<link rel=\"canonical\" href=\"https:\/\/adrianapikaljov24.thkit.ee\/wp\/storyboard\/\" \/>\n<meta property=\"og:locale\" content=\"et_EE\" \/>\n<meta property=\"og:type\" content=\"article\" \/>\n<meta property=\"og:title\" content=\"Storyboard - Adriana Pikaljov Portfoolio\" \/>\n<meta property=\"og:description\" content=\"Storyboard&nbsp;on veebisaidi struktuuri visuaalne skeem, mis n\u00e4itab peamisi lehek\u00fclgi ja nende eesm\u00e4rke. Seda kasutatakse planeerimisetapis koos saidikaardiga, et l\u00e4bi m\u00f5elda disainilahendused, tehnilised valikud ja projekti eelarve. Storyboard annab selge ja \u00fchtse \u00fclevaate kogu veebiprojektist.\" \/>\n<meta property=\"og:url\" content=\"https:\/\/adrianapikaljov24.thkit.ee\/wp\/storyboard\/\" \/>\n<meta property=\"og:site_name\" content=\"Adriana Pikaljov Portfoolio\" \/>\n<meta property=\"article:modified_time\" content=\"2026-02-26T08:10:46+00:00\" \/>\n<meta property=\"og:image\" content=\"https:\/\/adrianapikaljov24.thkit.ee\/wp\/wp-content\/uploads\/2026\/02\/Blank-diagram-2.png\" \/>\n\t<meta property=\"og:image:width\" content=\"1500\" \/>\n\t<meta property=\"og:image:height\" content=\"1740\" \/>\n\t<meta property=\"og:image:type\" content=\"image\/png\" \/>\n<meta name=\"twitter:card\" content=\"summary_large_image\" \/>\n<meta name=\"twitter:label1\" content=\"Est. reading time\" \/>\n\t<meta name=\"twitter:data1\" content=\"1 minut\" \/>\n<script type=\"application\/ld+json\" class=\"yoast-schema-graph\">{\"@context\":\"https:\\\/\\\/schema.org\",\"@graph\":[{\"@type\":\"WebPage\",\"@id\":\"https:\\\/\\\/adrianapikaljov24.thkit.ee\\\/wp\\\/storyboard\\\/\",\"url\":\"https:\\\/\\\/adrianapikaljov24.thkit.ee\\\/wp\\\/storyboard\\\/\",\"name\":\"Storyboard - Adriana Pikaljov Portfoolio\",\"isPartOf\":{\"@id\":\"https:\\\/\\\/adrianapikaljov24.thkit.ee\\\/wp\\\/#website\"},\"primaryImageOfPage\":{\"@id\":\"https:\\\/\\\/adrianapikaljov24.thkit.ee\\\/wp\\\/storyboard\\\/#primaryimage\"},\"image\":{\"@id\":\"https:\\\/\\\/adrianapikaljov24.thkit.ee\\\/wp\\\/storyboard\\\/#primaryimage\"},\"thumbnailUrl\":\"https:\\\/\\\/adrianapikaljov24.thkit.ee\\\/wp\\\/wp-content\\\/uploads\\\/2026\\\/02\\\/Blank-diagram-2-883x1024.png\",\"datePublished\":\"2026-02-19T22:07:59+00:00\",\"dateModified\":\"2026-02-26T08:10:46+00:00\",\"breadcrumb\":{\"@id\":\"https:\\\/\\\/adrianapikaljov24.thkit.ee\\\/wp\\\/storyboard\\\/#breadcrumb\"},\"inLanguage\":\"et\",\"potentialAction\":[{\"@type\":\"ReadAction\",\"target\":[\"https:\\\/\\\/adrianapikaljov24.thkit.ee\\\/wp\\\/storyboard\\\/\"]}]},{\"@type\":\"ImageObject\",\"inLanguage\":\"et\",\"@id\":\"https:\\\/\\\/adrianapikaljov24.thkit.ee\\\/wp\\\/storyboard\\\/#primaryimage\",\"url\":\"https:\\\/\\\/adrianapikaljov24.thkit.ee\\\/wp\\\/wp-content\\\/uploads\\\/2026\\\/02\\\/Blank-diagram-2.png\",\"contentUrl\":\"https:\\\/\\\/adrianapikaljov24.thkit.ee\\\/wp\\\/wp-content\\\/uploads\\\/2026\\\/02\\\/Blank-diagram-2.png\",\"width\":1500,\"height\":1740},{\"@type\":\"BreadcrumbList\",\"@id\":\"https:\\\/\\\/adrianapikaljov24.thkit.ee\\\/wp\\\/storyboard\\\/#breadcrumb\",\"itemListElement\":[{\"@type\":\"ListItem\",\"position\":1,\"name\":\"Home\",\"item\":\"https:\\\/\\\/adrianapikaljov24.thkit.ee\\\/wp\\\/\"},{\"@type\":\"ListItem\",\"position\":2,\"name\":\"Storyboard\"}]},{\"@type\":\"WebSite\",\"@id\":\"https:\\\/\\\/adrianapikaljov24.thkit.ee\\\/wp\\\/#website\",\"url\":\"https:\\\/\\\/adrianapikaljov24.thkit.ee\\\/wp\\\/\",\"name\":\"Adriana Pikaljov Portfoolio\",\"description\":\"Noorem tarkvaraarendaja\",\"potentialAction\":[{\"@type\":\"SearchAction\",\"target\":{\"@type\":\"EntryPoint\",\"urlTemplate\":\"https:\\\/\\\/adrianapikaljov24.thkit.ee\\\/wp\\\/?s={search_term_string}\"},\"query-input\":{\"@type\":\"PropertyValueSpecification\",\"valueRequired\":true,\"valueName\":\"search_term_string\"}}],\"inLanguage\":\"et\"}]}<\/script>\n<!-- \/ Yoast SEO plugin. -->","yoast_head_json":{"title":"Storyboard - Adriana Pikaljov Portfoolio","robots":{"index":"index","follow":"follow","max-snippet":"max-snippet:-1","max-image-preview":"max-image-preview:large","max-video-preview":"max-video-preview:-1"},"canonical":"https:\/\/adrianapikaljov24.thkit.ee\/wp\/storyboard\/","og_locale":"et_EE","og_type":"article","og_title":"Storyboard - Adriana Pikaljov Portfoolio","og_description":"Storyboard&nbsp;on veebisaidi struktuuri visuaalne skeem, mis n\u00e4itab peamisi lehek\u00fclgi ja nende eesm\u00e4rke. Seda kasutatakse planeerimisetapis koos saidikaardiga, et l\u00e4bi m\u00f5elda disainilahendused, tehnilised valikud ja projekti eelarve. Storyboard annab selge ja \u00fchtse \u00fclevaate kogu veebiprojektist.","og_url":"https:\/\/adrianapikaljov24.thkit.ee\/wp\/storyboard\/","og_site_name":"Adriana Pikaljov Portfoolio","article_modified_time":"2026-02-26T08:10:46+00:00","og_image":[{"width":1500,"height":1740,"url":"https:\/\/adrianapikaljov24.thkit.ee\/wp\/wp-content\/uploads\/2026\/02\/Blank-diagram-2.png","type":"image\/png"}],"twitter_card":"summary_large_image","twitter_misc":{"Est. reading time":"1 minut"},"schema":{"@context":"https:\/\/schema.org","@graph":[{"@type":"WebPage","@id":"https:\/\/adrianapikaljov24.thkit.ee\/wp\/storyboard\/","url":"https:\/\/adrianapikaljov24.thkit.ee\/wp\/storyboard\/","name":"Storyboard - Adriana Pikaljov Portfoolio","isPartOf":{"@id":"https:\/\/adrianapikaljov24.thkit.ee\/wp\/#website"},"primaryImageOfPage":{"@id":"https:\/\/adrianapikaljov24.thkit.ee\/wp\/storyboard\/#primaryimage"},"image":{"@id":"https:\/\/adrianapikaljov24.thkit.ee\/wp\/storyboard\/#primaryimage"},"thumbnailUrl":"https:\/\/adrianapikaljov24.thkit.ee\/wp\/wp-content\/uploads\/2026\/02\/Blank-diagram-2-883x1024.png","datePublished":"2026-02-19T22:07:59+00:00","dateModified":"2026-02-26T08:10:46+00:00","breadcrumb":{"@id":"https:\/\/adrianapikaljov24.thkit.ee\/wp\/storyboard\/#breadcrumb"},"inLanguage":"et","potentialAction":[{"@type":"ReadAction","target":["https:\/\/adrianapikaljov24.thkit.ee\/wp\/storyboard\/"]}]},{"@type":"ImageObject","inLanguage":"et","@id":"https:\/\/adrianapikaljov24.thkit.ee\/wp\/storyboard\/#primaryimage","url":"https:\/\/adrianapikaljov24.thkit.ee\/wp\/wp-content\/uploads\/2026\/02\/Blank-diagram-2.png","contentUrl":"https:\/\/adrianapikaljov24.thkit.ee\/wp\/wp-content\/uploads\/2026\/02\/Blank-diagram-2.png","width":1500,"height":1740},{"@type":"BreadcrumbList","@id":"https:\/\/adrianapikaljov24.thkit.ee\/wp\/storyboard\/#breadcrumb","itemListElement":[{"@type":"ListItem","position":1,"name":"Home","item":"https:\/\/adrianapikaljov24.thkit.ee\/wp\/"},{"@type":"ListItem","position":2,"name":"Storyboard"}]},{"@type":"WebSite","@id":"https:\/\/adrianapikaljov24.thkit.ee\/wp\/#website","url":"https:\/\/adrianapikaljov24.thkit.ee\/wp\/","name":"Adriana Pikaljov Portfoolio","description":"Noorem tarkvaraarendaja","potentialAction":[{"@type":"SearchAction","target":{"@type":"EntryPoint","urlTemplate":"https:\/\/adrianapikaljov24.thkit.ee\/wp\/?s={search_term_string}"},"query-input":{"@type":"PropertyValueSpecification","valueRequired":true,"valueName":"search_term_string"}}],"inLanguage":"et"}]}},"_links":{"self":[{"href":"https:\/\/adrianapikaljov24.thkit.ee\/wp\/wp-json\/wp\/v2\/pages\/1185","targetHints":{"allow":["GET"]}}],"collection":[{"href":"https:\/\/adrianapikaljov24.thkit.ee\/wp\/wp-json\/wp\/v2\/pages"}],"about":[{"href":"https:\/\/adrianapikaljov24.thkit.ee\/wp\/wp-json\/wp\/v2\/types\/page"}],"author":[{"embeddable":true,"href":"https:\/\/adrianapikaljov24.thkit.ee\/wp\/wp-json\/wp\/v2\/users\/1"}],"replies":[{"embeddable":true,"href":"https:\/\/adrianapikaljov24.thkit.ee\/wp\/wp-json\/wp\/v2\/comments?post=1185"}],"version-history":[{"count":3,"href":"https:\/\/adrianapikaljov24.thkit.ee\/wp\/wp-json\/wp\/v2\/pages\/1185\/revisions"}],"predecessor-version":[{"id":1211,"href":"https:\/\/adrianapikaljov24.thkit.ee\/wp\/wp-json\/wp\/v2\/pages\/1185\/revisions\/1211"}],"wp:attachment":[{"href":"https:\/\/adrianapikaljov24.thkit.ee\/wp\/wp-json\/wp\/v2\/media?parent=1185"}],"curies":[{"name":"wp","href":"https:\/\/api.w.org\/{rel}","templated":true}]}}